{"id":1323,"date":"2026-04-04T14:06:27","date_gmt":"2026-04-04T12:06:27","guid":{"rendered":"https:\/\/maisonsanstabou.fr\/?post_type=product&#038;p=1323"},"modified":"2026-04-04T14:20:38","modified_gmt":"2026-04-04T12:20:38","slug":"le-coffret-des-cabosses","status":"publish","type":"product","link":"https:\/\/maisonsanstabou.fr\/index.php\/produit\/le-coffret-des-cabosses\/","title":{"rendered":"Le coffret des caboss\u00e9s"},"content":{"rendered":"<p>Nos albums caboss\u00e9s sont \u00e0 vendre pour 36 \u20ac les 4 plut\u00f4t que 51,60\u20ac neufs.<\/p>\n<p>Ils peuvent avoir la couverture abim\u00e9e par des chocs, ou m\u00eame avoir des rayures, des petites t\u00e2ches de peinture, bref des petites imperfections visibles, ou presque pas.<\/p>\n<p>Les dessins et les textes restent les m\u00eames \ud83d\ude42<\/p>\n<p>Dans ce coffret des caboss\u00e9s vous retrouverez nos 4 premiers albums de La vraie v\u00e9rit\u00e9 sur :<\/p>\n<p>La grossesse<\/p>\n<p>La mort<\/p>\n<p>Les accouchements<\/p>\n<p>L&rsquo;inceste<\/p>\n<p>&nbsp;<\/p>\n<p>En image un exemple d&rsquo;albums caboss\u00e9s. Stock limit\u00e9 \ud83d\ude42<\/p>\n","protected":false},"excerpt":{"rendered":"<p>Un coffret qui regroupe nos 4 premiers albums mais caboss\u00e9s !<\/p>\n","protected":false},"featured_media":1329,"comment_status":"open","ping_status":"closed","template":"","meta":[],"product_brand":[],"product_cat":[47,80],"product_tag":[82,34,83,63,81,60,46,29,72,38,71,39,35,68,30],"class_list":{"0":"post-1323","1":"product","2":"type-product","3":"status-publish","4":"has-post-thumbnail","6":"product_cat-la-vraie-verite-sur","7":"product_cat-livres","8":"product_tag-abimes","9":"product_tag-accouchement","10":"product_tag-cabosses","11":"product_tag-cesarienne","12":"product_tag-coffret","13":"product_tag-comment-expliquer-la-naissance","14":"product_tag-enfants","15":"product_tag-grossesse","16":"product_tag-inceste","17":"product_tag-la-mort","18":"product_tag-la-vraie-verite-sur","19":"product_tag-livre-pour-enfant","20":"product_tag-parentalite","21":"product_tag-peridurale","22":"product_tag-tabous","23":"product_shipping_class-colissimo","25":"first","26":"instock","27":"taxable","28":"shipping-taxable","29":"purchasable","30":"product-type-simple"},"_links":{"self":[{"href":"https:\/\/maisonsanstabou.fr\/index.php\/wp-json\/wp\/v2\/product\/1323","targetHints":{"allow":["GET"]}}],"collection":[{"href":"https:\/\/maisonsanstabou.fr\/index.php\/wp-json\/wp\/v2\/product"}],"about":[{"href":"https:\/\/maisonsanstabou.fr\/index.php\/wp-json\/wp\/v2\/types\/product"}],"replies":[{"embeddable":true,"href":"https:\/\/maisonsanstabou.fr\/index.php\/wp-json\/wp\/v2\/comments?post=1323"}],"wp:featuredmedia":[{"embeddable":true,"href":"https:\/\/maisonsanstabou.fr\/index.php\/wp-json\/wp\/v2\/media\/1329"}],"wp:attachment":[{"href":"https:\/\/maisonsanstabou.fr\/index.php\/wp-json\/wp\/v2\/media?parent=1323"}],"wp:term":[{"taxonomy":"product_brand","embeddable":true,"href":"https:\/\/maisonsanstabou.fr\/index.php\/wp-json\/wp\/v2\/product_brand?post=1323"},{"taxonomy":"product_cat","embeddable":true,"href":"https:\/\/maisonsanstabou.fr\/index.php\/wp-json\/wp\/v2\/product_cat?post=1323"},{"taxonomy":"product_tag","embeddable":true,"href":"https:\/\/maisonsanstabou.fr\/index.php\/wp-json\/wp\/v2\/product_tag?post=1323"}],"curies":[{"name":"wp","href":"https:\/\/api.w.org\/{rel}","templated":true}]}}